{"id":9,"date":"2016-05-18T21:25:31","date_gmt":"2016-05-18T19:25:31","guid":{"rendered":"http:\/\/selpol.com.pl\/?page_id=9"},"modified":"2016-05-24T20:22:32","modified_gmt":"2016-05-24T18:22:32","slug":"produkty","status":"publish","type":"page","link":"http:\/\/selpol.com.pl\/index.php\/produkty\/","title":{"rendered":"Produkty"},"content":{"rendered":"<p>&nbsp;<\/p>\n<div style=\"background-color: #cccccc;\">\n<h1 style=\"text-align: center;\"><span style=\"color: #000000;\">Produkty<\/span><\/h1>\n<\/div>\n<div class=\"tableS2\">\n<table class=\"prod_tab\">\n<tbody>\n<tr>\n<td><span style=\"color: #000000;\"><strong>\u00a0<img loading=\"lazy\" class=\"alignnone size-full wp-image-60\" src=\"http:\/\/selpol.com.pl\/wp-content\/uploads\/2016\/05\/pro1.png\" alt=\"pro1\" width=\"156\" height=\"96\" \/><\/strong><\/span><\/p>\n<p>&nbsp;<\/p>\n<p><span style=\"color: #000000;\"><strong>Edelsthalkamine GmbH<\/strong> <strong>&#8211; systemy spalinow<\/strong><strong>e<\/strong><\/span><\/p>\n<p>&nbsp;<\/p>\n<p><span style=\"color: #000000;\">Wiele lat do\u015bwiadcze\u0144 i ci\u0105g\u0142e doskonalenie produkt\u00f3w pozwala na zastosowanie rozwi\u0105za\u0144 odprowadzania spalin praktycznie do wszystkich sytuacji. W ofercie znajduj\u0105 zar\u00f3wno systemy spalinowe odprowadzaj\u0105ce spaliny z tradycyjnych urz\u0105dze\u0144 jak i rozwi\u0105zania przemys\u0142owe przeznaczone do pracy w wysokich temperaturach i du\u017cym nadci\u015bnieniu. Dost\u0119pne s\u0105 warianty jedno (E) i dwu\u015bcienne (D)<\/span><\/p>\n<p><span style=\"color: #000000;\">Podstawowe rozwi\u0105zania:<\/span><\/p>\n<p><span style=\"color: #000000;\"><strong>complex E i complex D<\/strong> \u2013 systemy o po\u0142\u0105czeniach cylindrycznych \u2013 max. nadci\u015bnienie 200 Pa<\/span><\/p>\n<p><span style=\"color: #000000;\"><strong>medi E i medi D<\/strong> \u2013 systemy o po\u0142\u0105czeniach sto\u017ckowych \u2013 max. nadci\u015bnienie 5000 Pa<\/span><\/p>\n<p><span style=\"color: #000000;\"><strong>europ E i europ D<\/strong> \u2013 przemys\u0142owe systemy o po\u0142\u0105czeniach ko\u0142nierzowych \u2013 max. nadci\u015bnienie 5000 Pa i \u015brednicy do \u00d8 1200 mm<\/span><\/p>\n<p>&nbsp;<\/p>\n<p><span style=\"color: #000000;\">Oferujemy r\u00f3wnie\u017c pomoc w doborze i projektowaniu uk\u0142ad\u00f3w spalinowych. Dost\u0119pny jest zar\u00f3wno program do wymiarowania \u015brednic wg DIN EN 13384 t. 1 i 2 jak i pakiet rysunk\u00f3w z kszta\u0142tkami (dwg)<\/span><\/p>\n<p>&nbsp;<\/p>\n<p>&nbsp;<\/p>\n<p>&nbsp;<\/p>\n<h2><span style=\"color: #000000;\"><strong><a href=\"http:\/\/selpol.com.pl\/wp-content\/uploads\/2016\/05\/EKA-Prezentacja.pdf\">EKA Prezentacja<\/a><\/strong><\/span><\/h2>\n<\/td>\n<td><span style=\"color: #000000;\"><strong><img loading=\"lazy\" class=\"alignnone size-medium wp-image-61\" src=\"http:\/\/selpol.com.pl\/wp-content\/uploads\/2016\/05\/pro2-300x110.png\" alt=\"pro2\" width=\"300\" height=\"110\" srcset=\"http:\/\/selpol.com.pl\/wp-content\/uploads\/2016\/05\/pro2-300x110.png 300w, http:\/\/selpol.com.pl\/wp-content\/uploads\/2016\/05\/pro2.png 382w\" sizes=\"(max-width: 300px) 100vw, 300px\" \/><\/strong><\/span><\/p>\n<p>&nbsp;<\/p>\n<p><span style=\"color: #000000;\"><strong>E &amp; M Combustion \u2013 palniki przemys\u0142owe<\/strong><\/span><\/p>\n<p>&nbsp;<\/p>\n<p><span style=\"color: #000000;\">Dysponuj\u0105c ogromnym do\u015bwiadczeniem i nowoczesnym parkiem maszynowym nie boimy si\u0119 najtrudniejszych wyzwa\u0144. Moc palnik\u00f3w (do 85 MW) oraz zakres stosowanych paliw (gaz ziemny, gaz p\u0142ynny, biogaz, olej opa\u0142owy lekki i ci\u0119\u017cki, gazy procesowe i koksownicze) pozwalaj\u0105 na bezpieczne i wysokosprawne spalanie. W naszej ofercie znajduj\u0105 si\u0119 r\u00f3wnie\u017c rozwi\u0105zania przeznaczone do pracy w przestrzeniach zagro\u017conych wybuchem (wykonanie palnik\u00f3w zgodne z Dyrektyw\u0105 94\/9 WE ATEX)<\/span><\/p>\n<p><span style=\"color: #000000;\">Podstawowe typy palnik\u00f3w:<\/span><\/p>\n<p><span style=\"color: #000000;\"><strong>JBM Compact<\/strong> \u2013 palniki do mocy 14,5 MW<\/span><\/p>\n<p><span style=\"color: #000000;\"><strong>JBM HP Monoblock<\/strong> \u2013 palniki do mocy 25 MW<\/span><\/p>\n<p><span style=\"color: #000000;\"><strong>JBD Duoblock<\/strong> \u2013 palniki do mocy 85 MW<\/span><\/p>\n<p>&nbsp;<\/p>\n<p><span style=\"color: #000000;\">Proponujemy r\u00f3wnie\u017c pomoc w doborze palnik\u00f3w i ich wyposa\u017cenia<\/span><\/p>\n<p>&nbsp;<\/p>\n<p>&nbsp;<\/p>\n<p>&nbsp;<\/p>\n<p>&nbsp;<br \/>\n&nbsp;<\/p>\n<h2><span style=\"color: #000000;\"><strong><a href=\"http:\/\/selpol.com.pl\/wp-content\/uploads\/2016\/05\/em-COMBUSTION_45-SLAJDOW.pdf\">E&amp;M COMBUSTION<\/a><\/strong><\/span><\/h2>\n<\/td>\n<\/tr>\n<\/tbody>\n<\/table>\n<\/div>\n<div class=\"tableS1\">\n<table class=\"prod_tab\">\n<tbody>\n<tr>\n<td><span style=\"color: #000000;\"><strong> <img loading=\"lazy\" class=\"alignnone size-full wp-image-60\" src=\"http:\/\/selpol.com.pl\/wp-content\/uploads\/2016\/05\/pro1.png\" alt=\"pro1\" width=\"156\" height=\"96\" \/><\/strong><\/span><\/p>\n<p>&nbsp;<\/p>\n<p><span style=\"color: #000000;\"><strong>Edelsthalkamine GmbH<\/strong> <strong>&#8211; systemy spalinow<\/strong><strong>e<\/strong><\/span><\/p>\n<p>&nbsp;<\/p>\n<p><span style=\"color: #000000;\">Wiele lat do\u015bwiadcze\u0144 i ci\u0105g\u0142e doskonalenie produkt\u00f3w pozwala na zastosowanie rozwi\u0105za\u0144 odprowadzania spalin praktycznie do wszystkich sytuacji. W ofercie znajduj\u0105 zar\u00f3wno systemy spalinowe odprowadzaj\u0105ce spaliny z tradycyjnych urz\u0105dze\u0144 jak i rozwi\u0105zania przemys\u0142owe przeznaczone do pracy w wysokich temperaturach i du\u017cym nadci\u015bnieniu. Dost\u0119pne s\u0105 warianty jedno (E) i dwu\u015bcienne (D)<\/span><\/p>\n<p><span style=\"color: #000000;\">Podstawowe rozwi\u0105zania:<\/span><\/p>\n<p><span style=\"color: #000000;\"><strong>complex E i complex D<\/strong> \u2013 systemy o po\u0142\u0105czeniach cylindrycznych \u2013 max. nadci\u015bnienie 200 Pa<\/span><\/p>\n<p><span style=\"color: #000000;\"><strong>medi E i medi D<\/strong> \u2013 systemy o po\u0142\u0105czeniach sto\u017ckowych \u2013 max. nadci\u015bnienie 5000 Pa<\/span><\/p>\n<p><span style=\"color: #000000;\"><strong>europ E i europ D<\/strong> \u2013 przemys\u0142owe systemy o po\u0142\u0105czeniach ko\u0142nierzowych \u2013 max. nadci\u015bnienie 5000 Pa i \u015brednicy do \u00d8 1200 mm<\/span><\/p>\n<p>&nbsp;<\/p>\n<p><span style=\"color: #000000;\">Oferujemy r\u00f3wnie\u017c pomoc w doborze i projektowaniu uk\u0142ad\u00f3w spalinowych. Dost\u0119pny jest zar\u00f3wno program do wymiarowania \u015brednic wg DIN EN 13384 t. 1 i 2 jak i pakiet rysunk\u00f3w z kszta\u0142tkami (dwg)<\/span><\/p>\n<p>&nbsp;<\/p>\n<p>&nbsp;<\/p>\n<p>&nbsp;<\/p>\n<h2><span style=\"color: #000000;\"><strong><a href=\"http:\/\/selpol.com.pl\/wp-content\/uploads\/2016\/05\/EKA-Prezentacja.pdf\">EKA Prezentacja<\/a><\/strong><\/span><\/h2>\n<hr>\n<p><span style=\"color: #000000;\"><strong><img loading=\"lazy\" class=\"alignnone size-medium wp-image-61\" src=\"http:\/\/selpol.com.pl\/wp-content\/uploads\/2016\/05\/pro2-300x110.png\" alt=\"pro2\" width=\"300\" height=\"110\" srcset=\"http:\/\/selpol.com.pl\/wp-content\/uploads\/2016\/05\/pro2-300x110.png 300w, http:\/\/selpol.com.pl\/wp-content\/uploads\/2016\/05\/pro2.png 382w\" sizes=\"(max-width: 300px) 100vw, 300px\" \/><\/strong><\/span><\/p>\n<p>&nbsp;<\/p>\n<p><span style=\"color: #000000;\"><strong>E &amp; M Combustion \u2013 palniki przemys\u0142owe<\/strong><\/span><\/p>\n<p>&nbsp;<\/p>\n<p><span style=\"color: #000000;\">Dysponuj\u0105c ogromnym do\u015bwiadczeniem i nowoczesnym parkiem maszynowym nie boimy si\u0119 najtrudniejszych wyzwa\u0144. Moc palnik\u00f3w (do 85 MW) oraz zakres stosowanych paliw (gaz ziemny, gaz p\u0142ynny, biogaz, olej opa\u0142owy lekki i ci\u0119\u017cki, gazy procesowe i koksownicze) pozwalaj\u0105 na bezpieczne i wysokosprawne spalanie. W naszej ofercie znajduj\u0105 si\u0119 r\u00f3wnie\u017c rozwi\u0105zania przeznaczone do pracy w przestrzeniach zagro\u017conych wybuchem (wykonanie palnik\u00f3w zgodne z Dyrektyw\u0105 94\/9 WE ATEX)<\/span><\/p>\n<p><span style=\"color: #000000;\">Podstawowe typy palnik\u00f3w:<\/span><\/p>\n<p><span style=\"color: #000000;\"><strong>JBM Compact<\/strong> \u2013 palniki do mocy 14,5 MW<\/span><\/p>\n<p><span style=\"color: #000000;\"><strong>JBM HP Monoblock<\/strong> \u2013 palniki do mocy 25 MW<\/span><\/p>\n<p><span style=\"color: #000000;\"><strong>JBD Duoblock<\/strong> \u2013 palniki do mocy 85 MW<\/span><\/p>\n<p>&nbsp;<\/p>\n<p><span style=\"color: #000000;\">Proponujemy r\u00f3wnie\u017c pomoc w doborze palnik\u00f3w i ich wyposa\u017cenia<\/span><\/p>\n<p>&nbsp;<\/p>\n<p>&nbsp;<\/p>\n<p>&nbsp;<\/p>\n<p>&nbsp;<br \/>\n&nbsp;<\/p>\n<h2><span style=\"color: #000000;\"><strong><a href=\"http:\/\/selpol.com.pl\/wp-content\/uploads\/2016\/05\/em-COMBUSTION_45-SLAJDOW.pdf\">E&amp;M COMBUSTION<\/a><\/strong><\/span><\/h2>\n<\/td>\n<\/tr>\n<\/tbody>\n<\/table>\n<\/div>\n","protected":false},"excerpt":{"rendered":"<p>&nbsp; Produkty \u00a0 &nbsp; Edelsthalkamine GmbH &#8211; systemy spalinowe &nbsp; Wiele lat do\u015bwiadcze\u0144 i ci\u0105g\u0142e doskonalenie produkt\u00f3w pozwala na zastosowanie rozwi\u0105za\u0144 odprowadzania spalin praktycznie do wszystkich sytuacji. W ofercie znajduj\u0105 <a href=\"http:\/\/selpol.com.pl\/index.php\/produkty\/\" class=\"more-link\">[&hellip;]<\/a><\/p>\n","protected":false},"author":1,"featured_media":0,"parent":0,"menu_order":0,"comment_status":"closed","ping_status":"closed","template":"","meta":[],"_links":{"self":[{"href":"http:\/\/selpol.com.pl\/index.php\/wp-json\/wp\/v2\/pages\/9"}],"collection":[{"href":"http:\/\/selpol.com.pl\/index.php\/wp-json\/wp\/v2\/pages"}],"about":[{"href":"http:\/\/selpol.com.pl\/index.php\/wp-json\/wp\/v2\/types\/page"}],"author":[{"embeddable":true,"href":"http:\/\/selpol.com.pl\/index.php\/wp-json\/wp\/v2\/users\/1"}],"replies":[{"embeddable":true,"href":"http:\/\/selpol.com.pl\/index.php\/wp-json\/wp\/v2\/comments?post=9"}],"version-history":[{"count":26,"href":"http:\/\/selpol.com.pl\/index.php\/wp-json\/wp\/v2\/pages\/9\/revisions"}],"predecessor-version":[{"id":114,"href":"http:\/\/selpol.com.pl\/index.php\/wp-json\/wp\/v2\/pages\/9\/revisions\/114"}],"wp:attachment":[{"href":"http:\/\/selpol.com.pl\/index.php\/wp-json\/wp\/v2\/media?parent=9"}],"curies":[{"name":"wp","href":"https:\/\/api.w.org\/{rel}","templated":true}]}}